{"id":526,"date":"2025-10-06T19:31:08","date_gmt":"2025-10-06T15:31:08","guid":{"rendered":"https:\/\/massageboutique.ge\/?page_id=526"},"modified":"2025-10-06T19:38:14","modified_gmt":"2025-10-06T15:38:14","slug":"read-more_fr","status":"publish","type":"page","link":"https:\/\/massageboutique.ge\/?page_id=526","title":{"rendered":"Read more_fr"},"content":{"rendered":"\n\n\n<p>Bienfaits mentaux et \u00e9motionnels :<br>\ud83c\udf38R\u00e9duit le stress et l&#8217;anxi\u00e9t\u00e9.<br>\ud83c\udf38Le massage stimule la production d\u2019endorphines et r\u00e9duit les niveaux d\u2019hormones de stress telles que le cortisol, procurant une sensation de calme et de bien-\u00eatre.<\/p>\n\n\n\n<p><br>Am\u00e9liore l&#8217;humeur :<br>\ud83c\udf38Le massage peut augmenter la production de neurotransmetteurs am\u00e9liorant l\u2019humeur tels que la s\u00e9rotonine, aidant ainsi \u00e0 soulager les sympt\u00f4mes de la d\u00e9pression.<br>\ud83c\udf38Favorise la relaxation. Favorise une relaxation profonde et un sentiment de calme g\u00e9n\u00e9ral, ce qui peut am\u00e9liorer votre bien-\u00eatre mental.<\/p>\n\n\n\n<p><br>Bienfaits physiques:<br>\ud83c\udf38Soulage les tensions et les douleurs musculaires : le massage aide \u00e0 r\u00e9duire la tension, la raideur et les douleurs musculaires, ce qui le rend b\u00e9n\u00e9fique pour les athl\u00e8tes et les personnes souffrant de douleurs chroniques.<br>\ud83c\udf38Am\u00e9liore la circulation : En stimulant les syst\u00e8mes lymphatique et circulatoire, le massage aide \u00e0 apporter de l\u2019oxyg\u00e8ne et des nutriments aux tissus et \u00e0 \u00e9liminer les toxines.<br>\ud83c\udf38Am\u00e9liore la flexibilit\u00e9 : le massage aide \u00e0 d\u00e9tendre les muscles tendus et \u00e0 am\u00e9liorer l\u2019\u00e9lasticit\u00e9 des tissus mous, ce qui entra\u00eene une augmentation de l\u2019amplitude des mouvements des articulations.<br>\ud83c\udf38Renforce le syst\u00e8me immunitaire : un massage r\u00e9gulier peut augmenter la production de cellules immunitaires telles que les cellules T tueuses, am\u00e9liorant ainsi la capacit\u00e9 du corps \u00e0 combattre les maladies.<br>\ud83c\udf38Favorise la r\u00e9cup\u00e9ration : peut aider \u00e0 acc\u00e9l\u00e9rer la r\u00e9cup\u00e9ration des blessures des tissus mous, des douleurs musculaires apr\u00e8s l\u2019entra\u00eenement et m\u00eame de la r\u00e9\u00e9ducation post-chirurgicale.<\/p>\n\n\n\n<p><br>Autres avantages :<br>\ud83c\udf38Soulagement des maux de t\u00eate : le massage peut soulager les maux de t\u00eate de tension et les migraines en relaxant les muscles du cou, des \u00e9paules et de la t\u00eate.<br>\ud83c\udf38Am\u00e9liore le sommeil : Les effets relaxants du massage peuvent vous aider \u00e0 vous endormir plus facilement et \u00e0 am\u00e9liorer la qualit\u00e9 de votre sommeil.<br>\ud83c\udf38Traitement des maladies chroniques : La massoth\u00e9rapie est utilis\u00e9e pour traiter les sympt\u00f4mes de maladies telles que l\u2019arthrite, la fibromyalgie et le syndrome du canal carpien.<\/p>\n\n\n\n<p>Massage anti-cellulite :<br>\ud83c\udf38Pour perdre du poids et affiner la silhouette.<\/p>\n\n\n\n<p>Les principaux types de cellulite :<br>\ud83c\udf38Cellulite adipeuse\u00a0: Ce type de cellulite est associ\u00e9 \u00e0 l&#8217;accumulation de graisse sous-cutan\u00e9e. Elle peut \u00eatre visible et palpable \u00e0 la pression, sous forme de d\u00e9p\u00f4ts ou de nodules graisseux formant des bosses sur la peau.<br>\ud83c\udf38Cellulite superficielle\u00a0: Ce type de cellulite est associ\u00e9 \u00e0 un gonflement du tissu sous-cutan\u00e9, g\u00e9n\u00e9ralement d\u00fb \u00e0 une stagnation du sang ou \u00e0 une accumulation de liquide dans les tissus. La peau peut para\u00eetre boursoufl\u00e9e et la pression exerc\u00e9e sur la cellulite peut \u00eatre douloureuse ou inconfortable.<br>\ud83c\udf38Cellulite hormonale\u00a0: Ce type de cellulite est associ\u00e9 \u00e0 des changements hormonaux, notamment aux taux d&#8217;\u0153strog\u00e8nes. La cellulite hormonale peut \u00eatre difficile \u00e0 traiter et est souvent associ\u00e9e \u00e0 des changements corporels li\u00e9s \u00e0 la grossesse, \u00e0 la m\u00e9nopause ou \u00e0 certains m\u00e9dicaments.<\/p>\n\n\n\n<p><br>Massage anti-cellulite au miel :<br>\ud83c\udf38Ce soin est con\u00e7u pour \u00e9liminer l&#8217;aspect \u00ab peau d&#8217;orange \u00bb du corps. Il acc\u00e9l\u00e8re la circulation lymphatique et nettoie la peau en profondeur. Parall\u00e8lement, la peau est intens\u00e9ment renouvel\u00e9e et les zones de cellulite disparaissent progressivement. La peau devient lisse, douce et \u00e9lastique, et le tonus musculaire est am\u00e9lior\u00e9. Les effets sont visibles d\u00e8s le premier soin.<\/p>\n","protected":false},"excerpt":{"rendered":"<p>Bienfaits mentaux et \u00e9motionnels :\ud83c\udf38R\u00e9duit le stress et l&#8217;anxi\u00e9t\u00e9.\ud83c\udf38Le massage stimule la production d\u2019endorphines et r\u00e9duit les niveaux d\u2019hormones de stress telles que le cortisol, procurant une sensation de calme et de bien-\u00eatre. Am\u00e9liore l&#8217;humeur :\ud83c\udf38Le massage peut augmenter la production de neurotransmetteurs am\u00e9liorant l\u2019humeur tels que la s\u00e9rotonine, aidant ainsi \u00e0 soulager les sympt\u00f4mes [&hellip;]<\/p>\n","protected":false},"author":1,"featured_media":0,"parent":0,"menu_order":0,"comment_status":"closed","ping_status":"closed","template":"","meta":{"saved_in_kubio":false,"footnotes":""},"class_list":["post-526","page","type-page","status-publish","hentry"],"kubio_ai_page_context":{"short_desc":"","purpose":"general"},"_links":{"self":[{"href":"https:\/\/massageboutique.ge\/index.php?rest_route=\/wp\/v2\/pages\/526","targetHints":{"allow":["GET"]}}],"collection":[{"href":"https:\/\/massageboutique.ge\/index.php?rest_route=\/wp\/v2\/pages"}],"about":[{"href":"https:\/\/massageboutique.ge\/index.php?rest_route=\/wp\/v2\/types\/page"}],"author":[{"embeddable":true,"href":"https:\/\/massageboutique.ge\/index.php?rest_route=\/wp\/v2\/users\/1"}],"replies":[{"embeddable":true,"href":"https:\/\/massageboutique.ge\/index.php?rest_route=%2Fwp%2Fv2%2Fcomments&post=526"}],"version-history":[{"count":3,"href":"https:\/\/massageboutique.ge\/index.php?rest_route=\/wp\/v2\/pages\/526\/revisions"}],"predecessor-version":[{"id":530,"href":"https:\/\/massageboutique.ge\/index.php?rest_route=\/wp\/v2\/pages\/526\/revisions\/530"}],"wp:attachment":[{"href":"https:\/\/massageboutique.ge\/index.php?rest_route=%2Fwp%2Fv2%2Fmedia&parent=526"}],"curies":[{"name":"wp","href":"https:\/\/api.w.org\/{rel}","templated":true}]}}